{"id":832,"date":"2019-07-02T02:29:16","date_gmt":"2019-07-01T17:29:16","guid":{"rendered":"http:\/\/www.rcgs.jp\/?page_id=832"},"modified":"2020-11-07T23:09:54","modified_gmt":"2020-11-07T14:09:54","slug":"editorial-board-journal-of-replaying-japan-vol-2","status":"publish","type":"page","link":"https:\/\/www.rcgs.jp\/?page_id=832","title":{"rendered":"Editorial Board: Journal of Replaying Japan Vol. 3"},"content":{"rendered":"\n<h3 class=\"wp-block-heading\"><strong>Editor in Chief<\/strong><\/h3>\n\n\n\n<ul class=\"wp-block-list\"><li>INABA Mitsuyuki &#8211; Ritsumeikan University<\/li><\/ul>\n\n\n\n<h3 class=\"wp-block-heading\"><strong>Associate Editor<\/strong><\/h3>\n\n\n\n<ul class=\"wp-block-list\"><li>FUKUDA Kazufumi &#8211;<em>Ritsumeikan University<\/em><\/li><\/ul>\n\n\n\n<h3 class=\"wp-block-heading\"><strong>Editor (English)<\/strong><\/h3>\n\n\n\n<ul class=\"wp-block-list\"><li>Geoffrey Rockwell &#8211; University of Alberta<\/li><\/ul>\n\n\n\n<h3 class=\"wp-block-heading\"><strong>Associate Editor (English)<\/strong><\/h3>\n\n\n\n<ul class=\"wp-block-list\"><li>J\u00e9r\u00e9mie Pelletier-Gagnon &#8211; Universit\u00e9 du Qu\u00e9bec \u00e0 Montr\u00e9al<\/li><\/ul>\n\n\n\n<h3 class=\"wp-block-heading\">Japanese Board<\/h3>\n\n\n\n<ul class=\"wp-block-list\"><li>PALIYAWAN Pujana- Ritsumeikan University<\/li><li>INOUE Akito &#8211; Ritumeikan University<\/li><li>UEMURA Masayuki &#8211; Ritumeikan University<\/li><li>NAKAMURA Akinori &#8211; Ritumeikan University<\/li><li>HOSOI Koichi &#8211; Ritumeikan University<\/li><li>MIYAWAKI Masaharu &#8211; Ritumeikan University<\/li><li>WATANABE Shuji &#8211; Ritumeikan University<\/li><li>AMANO Keiji &#8211; Seijoh University<\/li><li>SHIN Juhyung &#8211; Ritsumeikan University  <\/li><\/ul>\n\n\n\n<h3 class=\"wp-block-heading\">English Board<\/h3>\n\n\n\n<ul class=\"wp-block-list\"><li>Fanny Barnab\u00e9 &#8211; Universit\u00e9 de Li\u00e8ge<\/li><li>James Newman- Bath Spa University<\/li><li>Jeremy White &#8211; Ritsumeikan University <\/li><li>Martin Picard &#8211; Leipzig University<\/li><li>Martin Roth &#8211; Ritsumeikan University<\/li><li>Mia Consalvo &#8211; Concordia University <\/li><li>Mimi Okabe &#8211; University of Alberta<\/li><li>Nathan Altice &#8211; University of California, Santa Cruz<\/li><li>Rachael Hutchinson &#8211; University of Delaware <\/li><li>Thawonmas Ruck &#8211; Ritsumeikan University<\/li><\/ul>\n","protected":false},"excerpt":{"rendered":"<p>Editor in Chief INABA Mitsuyuki &#8211; Ritsumeikan University Associate Editor FUKUDA Kazufumi &#038;#82 <a class=\"more-link\" href=\"https:\/\/www.rcgs.jp\/?page_id=832\">\u7d9a\u304d\u3092\u8aad\u3080\u2026<\/a><\/p>\n","protected":false},"author":3,"featured_media":0,"parent":0,"menu_order":0,"comment_status":"closed","ping_status":"closed","template":"","meta":{"footnotes":""},"class_list":["post-832","page","type-page","status-publish","hentry"],"aioseo_notices":[],"_links":{"self":[{"href":"https:\/\/www.rcgs.jp\/index.php?rest_route=\/wp\/v2\/pages\/832","targetHints":{"allow":["GET"]}}],"collection":[{"href":"https:\/\/www.rcgs.jp\/index.php?rest_route=\/wp\/v2\/pages"}],"about":[{"href":"https:\/\/www.rcgs.jp\/index.php?rest_route=\/wp\/v2\/types\/page"}],"author":[{"embeddable":true,"href":"https:\/\/www.rcgs.jp\/index.php?rest_route=\/wp\/v2\/users\/3"}],"replies":[{"embeddable":true,"href":"https:\/\/www.rcgs.jp\/index.php?rest_route=%2Fwp%2Fv2%2Fcomments&post=832"}],"version-history":[{"count":10,"href":"https:\/\/www.rcgs.jp\/index.php?rest_route=\/wp\/v2\/pages\/832\/revisions"}],"predecessor-version":[{"id":1380,"href":"https:\/\/www.rcgs.jp\/index.php?rest_route=\/wp\/v2\/pages\/832\/revisions\/1380"}],"wp:attachment":[{"href":"https:\/\/www.rcgs.jp\/index.php?rest_route=%2Fwp%2Fv2%2Fmedia&parent=832"}],"curies":[{"name":"wp","href":"https:\/\/api.w.org\/{rel}","templated":true}]}}